{"id":5031,"date":"2026-01-21T18:25:11","date_gmt":"2026-01-21T15:25:11","guid":{"rendered":"https:\/\/acronet.panelserver.org\/politica-de-cookies\/"},"modified":"2026-02-04T15:38:06","modified_gmt":"2026-02-04T12:38:06","slug":"politica-de-cookies","status":"publish","type":"page","link":"https:\/\/www.acronet.cat\/es\/politica-de-cookies\/","title":{"rendered":"Pol\u00edtica de Cookies"},"content":{"rendered":"\t\t<div data-elementor-type=\"wp-page\" data-elementor-id=\"5031\" class=\"elementor elementor-5031 elementor-4546\" data-elementor-settings=\"{&quot;ha_cmc_init_switcher&quot;:&quot;no&quot;}\">\n\t\t\t\t\t\t<section class=\"elementor-section elementor-top-section elementor-element elementor-element-614052a elementor-section-full_width elementor-section-stretched elementor-section-height-default elementor-section-height-default wpr-particle-no wpr-jarallax-no wpr-parallax-no wpr-sticky-section-no\" data-id=\"614052a\" data-element_type=\"section\" data-e-type=\"section\" data-settings=\"{&quot;stretch_section&quot;:&quot;section-stretched&quot;,&quot;_ha_eqh_enable&quot;:false}\">\n\t\t\t\t\t\t<div class=\"elementor-container elementor-column-gap-default\">\n\t\t\t\t\t<div class=\"elementor-column elementor-col-100 elementor-top-column elementor-element elementor-element-e6e2e16\" data-id=\"e6e2e16\" data-element_type=\"column\" data-e-type=\"column\" data-settings=\"{&quot;background_background&quot;:&quot;slideshow&quot;,&quot;background_slideshow_gallery&quot;:[{&quot;id&quot;:4959,&quot;url&quot;:&quot;https:\\\/\\\/www.acronet.cat\\\/wp-content\\\/uploads\\\/2026\\\/01\\\/acronet-franja-blava-07.jpg&quot;}],&quot;background_slideshow_loop&quot;:&quot;yes&quot;,&quot;background_slideshow_slide_duration&quot;:5000,&quot;background_slideshow_slide_transition&quot;:&quot;fade&quot;,&quot;background_slideshow_transition_duration&quot;:500}\">\n\t\t\t<div class=\"elementor-widget-wrap elementor-element-populated\">\n\t\t\t\t\t\t<div class=\"elementor-element elementor-element-cfee52c elementor-widget elementor-widget-heading\" data-id=\"cfee52c\" data-element_type=\"widget\" data-e-type=\"widget\" data-widget_type=\"heading.default\">\n\t\t\t\t<div class=\"elementor-widget-container\">\n\t\t\t\t\t<h1 class=\"elementor-heading-title elementor-size-default\">Pol\u00edtica de Cookies<\/h1>\t\t\t\t<\/div>\n\t\t\t\t<\/div>\n\t\t\t\t\t<\/div>\n\t\t<\/div>\n\t\t\t\t\t<\/div>\n\t\t<\/section>\n\t\t\t\t<section class=\"elementor-section elementor-top-section elementor-element elementor-element-57e37dc elementor-section-stretched elementor-section-boxed elementor-section-height-default elementor-section-height-default wpr-particle-no wpr-jarallax-no wpr-parallax-no wpr-sticky-section-no\" data-id=\"57e37dc\" data-element_type=\"section\" data-e-type=\"section\" data-settings=\"{&quot;stretch_section&quot;:&quot;section-stretched&quot;,&quot;background_background&quot;:&quot;classic&quot;,&quot;_ha_eqh_enable&quot;:false}\">\n\t\t\t\t\t\t<div class=\"elementor-container elementor-column-gap-default\">\n\t\t\t\t\t<div class=\"elementor-column elementor-col-100 elementor-top-column elementor-element elementor-element-a853145\" data-id=\"a853145\" data-element_type=\"column\" data-e-type=\"column\">\n\t\t\t<div class=\"elementor-widget-wrap elementor-element-populated\">\n\t\t\t\t\t\t<div class=\"elementor-element elementor-element-8d03613 elementor-widget elementor-widget-text-editor\" data-id=\"8d03613\" data-element_type=\"widget\" data-e-type=\"widget\" data-widget_type=\"text-editor.default\">\n\t\t\t\t<div class=\"elementor-widget-container\">\n\t\t\t\t\t\t\t\t\t<h2>Pol\u00edtica de Cookies<\/h2><p><br \/>En relaci\u00f3n a las cookies durante la navegaci\u00f3n. Una cookie ( o galleta inform\u00e1tica ) es una peque\u00f1a informaci\u00f3n enviada por un sitio web y almacenada en el navegador del usuario, de forma que el sitio web puede consultar la actividad previa del usuario .<br \/><br \/>Sus principales funciones son: Llevar el control de usuarios : cuando un usuario introduce su nombre de usuario y contrase\u00f1a, se almacena una cookie para que no tenga que estar introduci\u00e9ndolas para cada p\u00e1gina del servidor. Sin embargo, una cookie no identifica solo a una persona, sino a una combinaci\u00f3n de ordenador \u2013 navegador \u2013 usuario. Conseguir informaci\u00f3n sobre los h\u00e1bitos de navegaci\u00f3n del usuario, entre otros.<\/p><h4><br \/>ESTA WEB UTILIZA COOKIES PROPIAS<\/h4><p>\u00a0<\/p><table><tbody><tr><td width=\"210\"><strong>Tipos de <em>cookie<\/em><\/strong><\/td><td width=\"200\"><strong>Finalidad<\/strong><\/td><td width=\"200\"><strong>Duraci\u00f3n<\/strong><\/td><\/tr><tr><td><strong>wordpress_<\/strong><\/td><td>Recordatorio de Sessi\u00f3n<\/td><td>Sessi\u00f3n<\/td><\/tr><tr><td><strong>wordpress_logged_in_<\/strong><\/td><td>Recordatorio de Sessi\u00f3n<\/td><td>Sessi\u00f3n<\/td><\/tr><tr><td><strong>wordpress_test_<\/strong><\/td><td>Recordatorio de Sessi\u00f3n<\/td><td>Sessi\u00f3n<\/td><\/tr><tr><td><strong>wordpress_test_cookie<\/strong><\/td><td>WordPress Test Cookies<\/td><td>Sessi\u00f3n<\/td><\/tr><tr><td><strong>wp-settings-[UID]<\/strong><\/td><td>Utiliza para personalizar la interf\u00edcie de usuario.<\/td><td>1 a\u00f1o<\/td><\/tr><tr><td><strong>wp-settings-time-[UID]<\/strong><\/td><td>Guarda el aspecteo de la interf\u00edcie de administraci\u00f3n y del site principal.<\/td><td>1 a\u00f1o<\/td><\/tr><\/tbody><\/table><h4>\u00a0<\/h4><h4>COOKIES DE TERCEROS<\/h4><table><tbody><tr><td width=\"110\"><strong>Tipo de <em>cookie<\/em><\/strong><\/td><td width=\"100\"><strong>Empresa<\/strong><\/td><td width=\"200\"><strong>Finalidad<\/strong><\/td><td width=\"200\"><strong>M\u00e1s Informaci\u00f3n<\/strong><\/td><\/tr><tr><td><strong>_utma<br \/>_utmb<br \/>_utmc<br \/>_utmz<\/strong><\/td><td valign=\"top\"><strong>Google<\/strong><\/td><td valign=\"top\">Navegaci\u00f3n de manera an\u00f2nima que permite saber que se consulta y com es navega<\/td><td valign=\"top\">http:\/\/www.google.es\/intl\/es\/analytics\/privacyoverview.html<\/td><\/tr><\/tbody><\/table><h4>\u00a0<\/h4><h4>GESTIONAR GALLETAS<\/h4><p>Usted puede permitir, bloquear o eliminar las cookies instaladas en su equipo mediante la configuraci\u00f3n de las opciones del navegador en vuestro ordenador . Si no sab\u00e9is sobre qu\u00e9 tipo y versi\u00f3n de navegador usa para acceder a internet : Para Windows: click a \u2018 Ayuda \u2018 a la parte superior de la ventana de su navegador y seleccion\u00e1is la opci\u00f3n \u2018 En cuanto a\u2019 . Para Mac : con la venta del navegador abierta , clic en el men\u00fa de Apple y seleccion\u00e1is la opci\u00f3n \u2018 Sobre \u2026\u2019.<\/p><p>\u00a0<\/p><h4>C\u00d3MO GESTIONAR LAS COOKIES EN WINDOWS<\/h4><h5><br \/>Google Chrome<\/h5><p>Haga clic al men\u00fa de Chrome a la barra de herramientas del navegador. Selecciona \u201d Configuraci\u00f3n\u201d . Fez clic a \u201d Muestra opciones avanzadas\u2026 \u201d A la secci\u00f3n \u201d Privacidad\u201d , hac\u00e9is clic al bot\u00f3n \u201cConfiguraci\u00f3n de contenido\u2026\u201c. A la secci\u00f3n \u201cGalletas\u201c, puedes configurar las opciones que se indican a continuaci\u00f3n: Suprime las galletas, bloquear o permitir las galletas por defecto, incluir excepciones de galletas de dominios o sitios web espec\u00edficos. Para m\u00e1s detalle consulta la ayuda de Google Chrome.<\/p><h5>Microsoft Internet Explorer 7.0 y 8.0<\/h5><p>Haga clic en el bot\u00f3n \u201cHerramientas\u201d y despu\u00e9s en \u201cOpciones de Internet\u201d. Haga clic en la ficha \u201cPrivacidad\u201d y, a continuaci\u00f3n, mueva el control deslizante a una posici\u00f3n intermedia entre los extremos superior e inferior, de forma que no se bloqueen ni permitan todas las cookies. Haga clic en \u201cSitios\u201d. En el cuadro \u201cDirecci\u00f3n del sitio web\u201d, escriba la direcci\u00f3n de un sitio web y, despu\u00e9s, haga clic en \u201cBloquear\u201d o \u201cPermitir\u201d. Mientras escriba, ir\u00e1 apareciendo una lista de las p\u00e1ginas web que ya haya visitado. Si hace clic en un elemento de la lista, se mostrar\u00e1 en el cuadro Direcci\u00f3n del sitio web. Al finalizar, haga clic en \u201cAceptar\u201d. Vuelva a colocar el control deslizante en su posici\u00f3n original y haga clic en \u201cAceptar\u201d. Puedes consultar la ayuda de Windows para m\u00e1s informaci\u00f3n .<\/p><h5>Mozilla Firefox<\/h5><p>Haga clic al bot\u00f3n \u201cHerramientas\u201d y despu\u00e9s a \u201cOpciones de Internet\u201d. Haced clic a la ficha \u201d Privacidad\u201d y , a continuaci\u00f3n, mueva el control deslizante a una posici\u00f3n intermedia entre los extremos superior e inferior , de forma que no se bloqueen ni permitan todas las galletas . Haced clic a \u201d Lugares\u201d . Al cuadre \u201d Direcci\u00f3n del sitio web \u201d , escrib\u00eds la direcci\u00f3n de un sitio web y, despu\u00e9s , hac\u00e9is clic a \u201cBloquear \u201d o \u201d Permitir \u201d . Mientras escriba, ir\u00e1 apareciendo una lista de las p\u00e1ginas web que ya haya visitado. Si hace clic en un elemento de la lista, se mostrar\u00e1 en lo cuadre Direcci\u00f3n del sitio web. Al acabar , hac\u00e9is clic a \u201cDe acuerdo \u201d . Volv\u00e9is a poner el control deslizante en su posici\u00f3n original y hac\u00e9is clic a \u201cDe acuerdo \u201d . Puedes consultar la ayuda de Windows por m\u00e1s informaci\u00f3n.<\/p><h5>Safari<\/h5><p>Haga clic a \u201cSafari\u201d a la parte superior de la ventana de su navegador y seleccion\u00e1is la opci\u00f3n \u2018Preferencias\u2018 . Haced clic a \u201cPrivacidad\u201d . En el apartado \u201cBloquea galletas\u201d seleccione una de las siguientes opciones seg\u00fan le interese : \u201cDe publicidad y terceros\u201d , \u201cSiempre\u201d , o \u201cNunca\u201c.<\/p><h5>Opera<\/h5><p>Haga clic a \u201cConfiguraci\u00f3n\u201d a la parte superior de la ventana del navegador y seleccion\u00e1is \u2018Opciones\u2018 . A continuaci\u00f3n seleccion\u00e1is la pesta\u00f1a \u201cAvanzado\u201d y en la lista de la izquierda seleccionar \u201cGalletas\u201c. A continuaci\u00f3n, seleccion\u00e1is \u201cAcepta galletas\u201d. Dispone de tres opciones seg\u00fan su preferencia: \u201cAcepta galletas\u201d .<\/p>\t\t\t\t\t\t\t\t<\/div>\n\t\t\t\t<\/div>\n\t\t\t\t\t<\/div>\n\t\t<\/div>\n\t\t\t\t\t<\/div>\n\t\t<\/section>\n\t\t\t\t<\/div>\n\t\t","protected":false},"excerpt":{"rendered":"<p>Pol\u00edtica de Cookies Pol\u00edtica de Cookies En relaci\u00f3n a las cookies durante la navegaci\u00f3n. Una cookie ( o galleta inform\u00e1tica ) es una peque\u00f1a informaci\u00f3n enviada por un sitio web y almacenada en el navegador del usuario, de forma que el sitio web puede consultar la actividad previa del usuario . Sus principales funciones son: Llevar el control de usuarios : cuando un usuario introduce su nombre de usuario y contrase\u00f1a, se almacena una cookie para que no tenga que estar introduci\u00e9ndolas para cada p\u00e1gina del servidor. Sin embargo, una cookie no identifica solo a una persona, sino a una combinaci\u00f3n de ordenador \u2013 navegador \u2013 usuario. Conseguir informaci\u00f3n sobre los h\u00e1bitos de navegaci\u00f3n del usuario, entre otros. ESTA WEB UTILIZA COOKIES PROPIAS \u00a0 Tipos de cookie Finalidad Duraci\u00f3n wordpress_ Recordatorio de Sessi\u00f3n Sessi\u00f3n wordpress_logged_in_ Recordatorio de Sessi\u00f3n Sessi\u00f3n wordpress_test_ Recordatorio de Sessi\u00f3n Sessi\u00f3n wordpress_test_cookie WordPress Test Cookies Sessi\u00f3n wp-settings-[UID] Utiliza para personalizar la interf\u00edcie de usuario. 1 a\u00f1o wp-settings-time-[UID] Guarda el aspecteo de la interf\u00edcie de administraci\u00f3n y del site principal. 1 a\u00f1o \u00a0 COOKIES DE TERCEROS Tipo de cookie Empresa Finalidad M\u00e1s Informaci\u00f3n _utma_utmb_utmc_utmz Google Navegaci\u00f3n de manera an\u00f2nima que permite saber que se consulta y com es navega http:\/\/www.google.es\/intl\/es\/analytics\/privacyoverview.html \u00a0 GESTIONAR GALLETAS Usted puede permitir, bloquear o eliminar las cookies instaladas en su equipo mediante la configuraci\u00f3n de las opciones del navegador en vuestro ordenador . Si no sab\u00e9is sobre qu\u00e9 tipo y versi\u00f3n de navegador usa para acceder a internet : Para Windows: click a \u2018 Ayuda \u2018 a la parte superior de la ventana de su navegador y seleccion\u00e1is la opci\u00f3n \u2018 En cuanto a\u2019 . Para Mac : con la venta del navegador abierta , clic en el men\u00fa de Apple y seleccion\u00e1is la opci\u00f3n \u2018 Sobre \u2026\u2019. \u00a0 C\u00d3MO GESTIONAR LAS COOKIES EN WINDOWS Google Chrome Haga clic al men\u00fa de Chrome a la barra de herramientas del navegador. Selecciona \u201d Configuraci\u00f3n\u201d . Fez clic a \u201d Muestra opciones avanzadas\u2026 \u201d A la secci\u00f3n \u201d Privacidad\u201d , hac\u00e9is clic al bot\u00f3n \u201cConfiguraci\u00f3n de contenido\u2026\u201c. A la secci\u00f3n \u201cGalletas\u201c, puedes configurar las opciones que se indican a continuaci\u00f3n: Suprime las galletas, bloquear o permitir las galletas por defecto, incluir excepciones de galletas de dominios o sitios web espec\u00edficos. Para m\u00e1s detalle consulta la ayuda de Google Chrome. Microsoft Internet Explorer 7.0 y 8.0 Haga clic en el bot\u00f3n \u201cHerramientas\u201d y despu\u00e9s en \u201cOpciones de Internet\u201d. Haga clic en la ficha \u201cPrivacidad\u201d y, a continuaci\u00f3n, mueva el control deslizante a una posici\u00f3n intermedia entre los extremos superior e inferior, de forma que no se bloqueen ni permitan todas las cookies. Haga clic en \u201cSitios\u201d. En el cuadro \u201cDirecci\u00f3n del sitio web\u201d, escriba la direcci\u00f3n de un sitio web y, despu\u00e9s, haga clic en \u201cBloquear\u201d o \u201cPermitir\u201d. Mientras escriba, ir\u00e1 apareciendo una lista de las p\u00e1ginas web que ya haya visitado. Si hace clic en un elemento de la lista, se mostrar\u00e1 en el cuadro Direcci\u00f3n del sitio web. Al finalizar, haga clic en \u201cAceptar\u201d. Vuelva a colocar el control deslizante en su posici\u00f3n original y haga clic en \u201cAceptar\u201d. Puedes consultar la ayuda de Windows para m\u00e1s informaci\u00f3n . Mozilla Firefox Haga clic al bot\u00f3n \u201cHerramientas\u201d y despu\u00e9s a \u201cOpciones de Internet\u201d. Haced clic a la ficha \u201d Privacidad\u201d y , a continuaci\u00f3n, mueva el control deslizante a una posici\u00f3n intermedia entre los extremos superior e inferior , de forma que no se bloqueen ni permitan todas las galletas . Haced clic a \u201d Lugares\u201d . Al cuadre \u201d Direcci\u00f3n del sitio web \u201d , escrib\u00eds la direcci\u00f3n de un sitio web y, despu\u00e9s , hac\u00e9is clic a \u201cBloquear \u201d o \u201d Permitir \u201d . Mientras escriba, ir\u00e1 apareciendo una lista de las p\u00e1ginas web que ya haya visitado. Si hace clic en un elemento de la lista, se mostrar\u00e1 en lo cuadre Direcci\u00f3n del sitio web. Al acabar , hac\u00e9is clic a \u201cDe acuerdo \u201d . Volv\u00e9is a poner el control deslizante en su posici\u00f3n original y hac\u00e9is clic a \u201cDe acuerdo \u201d . Puedes consultar la ayuda de Windows por m\u00e1s informaci\u00f3n. Safari Haga clic a \u201cSafari\u201d a la parte superior de la ventana de su navegador y seleccion\u00e1is la opci\u00f3n \u2018Preferencias\u2018 . Haced clic a \u201cPrivacidad\u201d . En el apartado \u201cBloquea galletas\u201d seleccione una de las siguientes opciones seg\u00fan le interese : \u201cDe publicidad y terceros\u201d , \u201cSiempre\u201d , o \u201cNunca\u201c. Opera Haga clic a \u201cConfiguraci\u00f3n\u201d a la parte superior de la ventana del navegador y seleccion\u00e1is \u2018Opciones\u2018 . A continuaci\u00f3n seleccion\u00e1is la pesta\u00f1a \u201cAvanzado\u201d y en la lista de la izquierda seleccionar \u201cGalletas\u201c. A continuaci\u00f3n, seleccion\u00e1is \u201cAcepta galletas\u201d. Dispone de tres opciones seg\u00fan su preferencia: \u201cAcepta galletas\u201d .<\/p>\n","protected":false},"author":1,"featured_media":0,"parent":0,"menu_order":0,"comment_status":"closed","ping_status":"closed","template":"","meta":{"_joinchat":[],"footnotes":""},"class_list":["post-5031","page","type-page","status-publish","hentry"],"_links":{"self":[{"href":"https:\/\/www.acronet.cat\/es\/wp-json\/wp\/v2\/pages\/5031","targetHints":{"allow":["GET"]}}],"collection":[{"href":"https:\/\/www.acronet.cat\/es\/wp-json\/wp\/v2\/pages"}],"about":[{"href":"https:\/\/www.acronet.cat\/es\/wp-json\/wp\/v2\/types\/page"}],"author":[{"embeddable":true,"href":"https:\/\/www.acronet.cat\/es\/wp-json\/wp\/v2\/users\/1"}],"replies":[{"embeddable":true,"href":"https:\/\/www.acronet.cat\/es\/wp-json\/wp\/v2\/comments?post=5031"}],"version-history":[{"count":10,"href":"https:\/\/www.acronet.cat\/es\/wp-json\/wp\/v2\/pages\/5031\/revisions"}],"predecessor-version":[{"id":5122,"href":"https:\/\/www.acronet.cat\/es\/wp-json\/wp\/v2\/pages\/5031\/revisions\/5122"}],"wp:attachment":[{"href":"https:\/\/www.acronet.cat\/es\/wp-json\/wp\/v2\/media?parent=5031"}],"curies":[{"name":"wp","href":"https:\/\/api.w.org\/{rel}","templated":true}]}}